{"id":612,"date":"2023-05-15T07:03:06","date_gmt":"2023-05-15T07:03:06","guid":{"rendered":"http:\/\/pitoonwp.pixydrops.com\/?page_id=612"},"modified":"2026-02-23T00:23:09","modified_gmt":"2026-02-23T03:23:09","slug":"promocoes","status":"publish","type":"page","link":"https:\/\/lotusmotel.com.br\/gu\/promocoes\/","title":{"rendered":"Promo\u00e7\u00f5es"},"content":{"rendered":"\t\t<div data-elementor-type=\"wp-page\" data-elementor-id=\"612\" class=\"elementor elementor-612\" data-elementor-post-type=\"page\">\n\t\t\t\t\t\t<section class=\"elementor-section elementor-top-section elementor-element elementor-element-6bf9ac8 elementor-section-full_width elementor-section-height-default elementor-section-height-default\" data-id=\"6bf9ac8\" data-element_type=\"section\" data-e-type=\"section\">\n\t\t\t\t\t\t<div class=\"elementor-container elementor-column-gap-no\">\n\t\t\t\t\t<div class=\"elementor-column elementor-col-100 elementor-top-column elementor-element elementor-element-b291f32\" data-id=\"b291f32\" data-element_type=\"column\" data-e-type=\"column\">\n\t\t\t<div class=\"elementor-widget-wrap elementor-element-populated\">\n\t\t\t\t\t\t<div class=\"elementor-element elementor-element-676eb23 elementor-widget elementor-widget-pitoon-team\" data-id=\"676eb23\" data-element_type=\"widget\" data-e-type=\"widget\" data-widget_type=\"pitoon-team.default\">\n\t\t\t\t<div class=\"elementor-widget-container\">\n\t\t\t\t\t\n\t<!--Team One Start-->\n\t<section class=\"team-one\">\n\t\t<div class=\"container\">\n\t\t\t\t\t\t\t<div class=\"section-title text-center\">\n\t\t\t\t\t<div class=\"section-title__tagline-box\">\n\t\t\t\t\t\t<span class=\"section-title__tagline\">benef\u00edcios<\/span>\t\t\t\t\t\t<div class=\"section-title__icon-box-1\">\n\t\t\t\t\t\t\t<i aria-hidden=\"true\" class=\"  fa fa-angle-left\"><\/i>\t\t\t\t\t\t\t<i aria-hidden=\"true\" class=\"  fa fa-angle-left\"><\/i>\t\t\t\t\t\t\t<i aria-hidden=\"true\" class=\"  fa fa-angle-left\"><\/i>\t\t\t\t\t\t<\/div>\n\t\t\t\t\t\t<div class=\"section-title__icon-box-2\">\n\t\t\t\t\t\t\t<i aria-hidden=\"true\" class=\"  fa fa-angle-right\"><\/i>\t\t\t\t\t\t\t<i aria-hidden=\"true\" class=\"  fa fa-angle-right\"><\/i>\t\t\t\t\t\t\t<i aria-hidden=\"true\" class=\"  fa fa-angle-right\"><\/i>\t\t\t\t\t\t<\/div>\n\t\t\t\t\t<\/div>\n\t\t\t\t\t\t\t\t\t\t\t<h2 class=\"section-title__title\">Promo\u00e7\u00f5es &amp; Cortesias<\/h2>\t\t\t\t\t\t\t\t\t<\/div>\n\t\t\t\t\t<\/div>\n\t<\/section>\n\t<!--Team One End-->\n\t\t\t\t<\/div>\n\t\t\t\t<\/div>\n\t\t\t\t<div class=\"elementor-element elementor-element-47d2203 elementor-widget elementor-widget-pitoon-feature\" data-id=\"47d2203\" data-element_type=\"widget\" data-e-type=\"widget\" data-widget_type=\"pitoon-feature.default\">\n\t\t\t\t<div class=\"elementor-widget-container\">\n\t\t\t\t\t    <!--Feature Two Start-->\n    <section class=\"feature-two\">\n        <div class=\"feature-two__bg\" style=\"background-image: url();\">\n        <\/div>\n        <div class=\"container\">\n            <div class=\"row\">\n\n                                    <!--Feature Two Single Start-->\n                    <div class=\"col-xl-4 col-lg-4 wow fadeInUp\" data-wow-delay=\"100ms\">\n                        <div class=\"feature-two__single\">\n                            <div class=\"feature-two__img\">\n                                <img decoding=\"async\" src=\"https:\/\/lotusmotel.com.br\/gu\/wp-content\/uploads\/sites\/3\/2026\/02\/1_92f8d222fd.jpg\" alt=\"1_92f8d222fd\" title=\"1_92f8d222fd\" >                            <\/div>\n                            <div class=\"feature-two__content\">\n                                <div class=\"feature-two__shape-1\">\n                                    <img decoding=\"async\" src=\"https:\/\/lotusmotel.com.br\/gu\/wp-content\/uploads\/sites\/3\/2026\/02\/icon-bg.png\" alt=\"icon-bg\" title=\"icon-bg\" >                                <\/div>\n                                <div class=\"feature-two__shape-2\">\n                                    <img decoding=\"async\" src=\"https:\/\/lotusmotel.com.br\/gu\/wp-content\/uploads\/sites\/3\/2026\/02\/icon-bg.png\" alt=\"icon-bg\" title=\"icon-bg\" >                                <\/div>\n                                <div class=\"feature-two__content-inner\">\n                                    <div class=\"feature-two__icon\">\n                                        <svg xmlns=\"http:\/\/www.w3.org\/2000\/svg\" xmlns:xlink=\"http:\/\/www.w3.org\/1999\/xlink\" xmlns:xodm=\"http:\/\/www.corel.com\/coreldraw\/odm\/2003\" xml:space=\"preserve\" width=\"200px\" height=\"135px\" style=\"shape-rendering:geometricPrecision; text-rendering:geometricPrecision; image-rendering:optimizeQuality; fill-rule:evenodd; clip-rule:evenodd\" viewBox=\"0 0 200 134.85\"> <defs> <style type=\"text\/css\"> .fil0 {fill:#201E1E} <\/style> <\/defs> <g id=\"Camada_x0020_1\"> <metadata id=\"CorelCorpID_0Corel-Layer\"><\/metadata> <path class=\"fil0\" d=\"M41.14 37.41c-3.41,28.11 6.86,49.67 28.63,67.84 -19.44,-2.52 -32.54,-14.84 -40.69,-34.8 -6.61,-20.9 -4.79,-35.55 0.84,-47.37 12.88,1.1 26.2,8.59 39.72,19.1 -11.13,8.71 -22.37,-13.43 -28.5,-4.77zm-16.52 43.8c-44.96,3.64 -5.52,64.45 50.75,32.35 18.71,-10.68 35.73,-22.81 56.95,-27.21 24.13,-4.99 52.34,-1.45 65.83,18.02 -21.03,1.62 -23.49,-34.74 -81.28,-2.96 -10,5.49 -19.6,11.98 -29.28,17.74 -23.76,13.73 -44.5,22.16 -70.58,6.8 -25.18,-15.84 -21.77,-47.64 7.61,-44.74zm133.66 -30.72c-26.38,1.05 -44.6,14.98 -57.88,40.1 -0.73,-20.22 8.54,-35.56 25.61,-47.07 18.17,-10.1 31.92,-10.6 43.68,-6.76 1.01,13.3 -3.79,28.08 -11.33,43.56 -8.21,-11.86 6.59,-22.08 -0.08,-29.83zm-51.95 -31.09c-21.53,16.16 -29.5,38.34 -27.49,67.01 -11.19,-16.46 -11.44,-34.63 -3.16,-54.14 9.93,-18.96 21.18,-27.35 33.02,-30.95 7.8,10.52 9.89,25.11 11.66,42.41 -13.57,-4.5 -3.51,-24.18 -14.03,-24.33z\"><\/path> <\/g> <\/svg>                                    <\/div>\n                                    <h3 class=\"feature-two__title\">\n                                        <a class=\"\" href=\"#\"  >Caf\u00e9 da Manh\u00e3<\/a>                                    <\/h3>\n                                    <p class=\"feature-two__text\">servido todos os dias entre 7h e 9h, apenas para pernoites.\nAcompanha: 2 op\u00e7\u00f5es de frutas, suco, caf\u00e9, leite, ovos, salsicha no molho, p\u00e3o de queijo, misto quente, cuscuz, 1 por\u00e7\u00e3o de raiz(macaxeira, batata-doce\u2026) geleia, mel, pacotinho de torrada e biscoito.<\/p>                                <\/div>\n                            <\/div>\n                        <\/div>\n                    <\/div>\n                    <!--Feature Two Single End-->\n                                    <!--Feature Two Single Start-->\n                    <div class=\"col-xl-4 col-lg-4 wow fadeInUp\" data-wow-delay=\"200ms\">\n                        <div class=\"feature-two__single\">\n                            <div class=\"feature-two__img\">\n                                <img decoding=\"async\" src=\"https:\/\/lotusmotel.com.br\/gu\/wp-content\/uploads\/sites\/3\/2026\/02\/1_92f8d222fd.jpg\" alt=\"1_92f8d222fd\" title=\"1_92f8d222fd\" >                            <\/div>\n                            <div class=\"feature-two__content\">\n                                <div class=\"feature-two__shape-1\">\n                                    <img decoding=\"async\" src=\"https:\/\/lotusmotel.com.br\/gu\/wp-content\/uploads\/sites\/3\/2026\/02\/icon-bg.png\" alt=\"icon-bg\" title=\"icon-bg\" >                                <\/div>\n                                <div class=\"feature-two__shape-2\">\n                                    <img decoding=\"async\" src=\"https:\/\/lotusmotel.com.br\/gu\/wp-content\/uploads\/sites\/3\/2026\/02\/icon-bg.png\" alt=\"icon-bg\" title=\"icon-bg\" >                                <\/div>\n                                <div class=\"feature-two__content-inner\">\n                                    <div class=\"feature-two__icon\">\n                                        <svg xmlns=\"http:\/\/www.w3.org\/2000\/svg\" xmlns:xlink=\"http:\/\/www.w3.org\/1999\/xlink\" xmlns:xodm=\"http:\/\/www.corel.com\/coreldraw\/odm\/2003\" xml:space=\"preserve\" width=\"200px\" height=\"135px\" style=\"shape-rendering:geometricPrecision; text-rendering:geometricPrecision; image-rendering:optimizeQuality; fill-rule:evenodd; clip-rule:evenodd\" viewBox=\"0 0 200 134.85\"> <defs> <style type=\"text\/css\"> .fil0 {fill:#201E1E} <\/style> <\/defs> <g id=\"Camada_x0020_1\"> <metadata id=\"CorelCorpID_0Corel-Layer\"><\/metadata> <path class=\"fil0\" d=\"M41.14 37.41c-3.41,28.11 6.86,49.67 28.63,67.84 -19.44,-2.52 -32.54,-14.84 -40.69,-34.8 -6.61,-20.9 -4.79,-35.55 0.84,-47.37 12.88,1.1 26.2,8.59 39.72,19.1 -11.13,8.71 -22.37,-13.43 -28.5,-4.77zm-16.52 43.8c-44.96,3.64 -5.52,64.45 50.75,32.35 18.71,-10.68 35.73,-22.81 56.95,-27.21 24.13,-4.99 52.34,-1.45 65.83,18.02 -21.03,1.62 -23.49,-34.74 -81.28,-2.96 -10,5.49 -19.6,11.98 -29.28,17.74 -23.76,13.73 -44.5,22.16 -70.58,6.8 -25.18,-15.84 -21.77,-47.64 7.61,-44.74zm133.66 -30.72c-26.38,1.05 -44.6,14.98 -57.88,40.1 -0.73,-20.22 8.54,-35.56 25.61,-47.07 18.17,-10.1 31.92,-10.6 43.68,-6.76 1.01,13.3 -3.79,28.08 -11.33,43.56 -8.21,-11.86 6.59,-22.08 -0.08,-29.83zm-51.95 -31.09c-21.53,16.16 -29.5,38.34 -27.49,67.01 -11.19,-16.46 -11.44,-34.63 -3.16,-54.14 9.93,-18.96 21.18,-27.35 33.02,-30.95 7.8,10.52 9.89,25.11 11.66,42.41 -13.57,-4.5 -3.51,-24.18 -14.03,-24.33z\"><\/path> <\/g> <\/svg>                                    <\/div>\n                                    <h3 class=\"feature-two__title\">\n                                        <a class=\" \" href=\"#\"  >Caf\u00e9 da Manh\u00e3<\/a>                                    <\/h3>\n                                    <p class=\"feature-two__text feature-two__text\">servido todos os dias entre 7h e 9h, apenas para pernoites.\nAcompanha: 2 op\u00e7\u00f5es de frutas, suco, caf\u00e9, leite, ovos, salsicha no molho, p\u00e3o de queijo, misto quente, cuscuz, 1 por\u00e7\u00e3o de raiz(macaxeira, batata-doce\u2026) geleia, mel, pacotinho de torrada e biscoito.<\/p>                                <\/div>\n                            <\/div>\n                        <\/div>\n                    <\/div>\n                    <!--Feature Two Single End-->\n                                    <!--Feature Two Single Start-->\n                    <div class=\"col-xl-4 col-lg-4 wow fadeInUp\" data-wow-delay=\"300ms\">\n                        <div class=\"feature-two__single\">\n                            <div class=\"feature-two__img\">\n                                <img decoding=\"async\" src=\"https:\/\/lotusmotel.com.br\/gu\/wp-content\/uploads\/sites\/3\/2026\/02\/1_92f8d222fd.jpg\" alt=\"1_92f8d222fd\" title=\"1_92f8d222fd\" >                            <\/div>\n                            <div class=\"feature-two__content\">\n                                <div class=\"feature-two__shape-1\">\n                                    <img decoding=\"async\" src=\"https:\/\/lotusmotel.com.br\/gu\/wp-content\/uploads\/sites\/3\/2026\/02\/icon-bg.png\" alt=\"icon-bg\" title=\"icon-bg\" >                                <\/div>\n                                <div class=\"feature-two__shape-2\">\n                                    <img decoding=\"async\" src=\"https:\/\/lotusmotel.com.br\/gu\/wp-content\/uploads\/sites\/3\/2026\/02\/icon-bg.png\" alt=\"icon-bg\" title=\"icon-bg\" >                                <\/div>\n                                <div class=\"feature-two__content-inner\">\n                                    <div class=\"feature-two__icon\">\n                                        <svg xmlns=\"http:\/\/www.w3.org\/2000\/svg\" xmlns:xlink=\"http:\/\/www.w3.org\/1999\/xlink\" xmlns:xodm=\"http:\/\/www.corel.com\/coreldraw\/odm\/2003\" xml:space=\"preserve\" width=\"200px\" height=\"135px\" style=\"shape-rendering:geometricPrecision; text-rendering:geometricPrecision; image-rendering:optimizeQuality; fill-rule:evenodd; clip-rule:evenodd\" viewBox=\"0 0 200 134.85\"> <defs> <style type=\"text\/css\"> .fil0 {fill:#201E1E} <\/style> <\/defs> <g id=\"Camada_x0020_1\"> <metadata id=\"CorelCorpID_0Corel-Layer\"><\/metadata> <path class=\"fil0\" d=\"M41.14 37.41c-3.41,28.11 6.86,49.67 28.63,67.84 -19.44,-2.52 -32.54,-14.84 -40.69,-34.8 -6.61,-20.9 -4.79,-35.55 0.84,-47.37 12.88,1.1 26.2,8.59 39.72,19.1 -11.13,8.71 -22.37,-13.43 -28.5,-4.77zm-16.52 43.8c-44.96,3.64 -5.52,64.45 50.75,32.35 18.71,-10.68 35.73,-22.81 56.95,-27.21 24.13,-4.99 52.34,-1.45 65.83,18.02 -21.03,1.62 -23.49,-34.74 -81.28,-2.96 -10,5.49 -19.6,11.98 -29.28,17.74 -23.76,13.73 -44.5,22.16 -70.58,6.8 -25.18,-15.84 -21.77,-47.64 7.61,-44.74zm133.66 -30.72c-26.38,1.05 -44.6,14.98 -57.88,40.1 -0.73,-20.22 8.54,-35.56 25.61,-47.07 18.17,-10.1 31.92,-10.6 43.68,-6.76 1.01,13.3 -3.79,28.08 -11.33,43.56 -8.21,-11.86 6.59,-22.08 -0.08,-29.83zm-51.95 -31.09c-21.53,16.16 -29.5,38.34 -27.49,67.01 -11.19,-16.46 -11.44,-34.63 -3.16,-54.14 9.93,-18.96 21.18,-27.35 33.02,-30.95 7.8,10.52 9.89,25.11 11.66,42.41 -13.57,-4.5 -3.51,-24.18 -14.03,-24.33z\"><\/path> <\/g> <\/svg>                                    <\/div>\n                                    <h3 class=\"feature-two__title\">\n                                        <a class=\"  \" href=\"#\"  >Caf\u00e9 da Manh\u00e3<\/a>                                    <\/h3>\n                                    <p class=\"feature-two__text feature-two__text feature-two__text\">servido todos os dias entre 7h e 9h, apenas para pernoites.\nAcompanha: 2 op\u00e7\u00f5es de frutas, suco, caf\u00e9, leite, ovos, salsicha no molho, p\u00e3o de queijo, misto quente, cuscuz, 1 por\u00e7\u00e3o de raiz(macaxeira, batata-doce\u2026) geleia, mel, pacotinho de torrada e biscoito.<\/p>                                <\/div>\n                            <\/div>\n                        <\/div>\n                    <\/div>\n                    <!--Feature Two Single End-->\n                            <\/div>\n        <\/div>\n    <\/section>\n    <!--Feature Two End-->\n\n\t\t\t\t<\/div>\n\t\t\t\t<\/div>\n\t\t\t\t\t<\/div>\n\t\t<\/div>\n\t\t\t\t\t<\/div>\n\t\t<\/section>\n\t\t\t\t<\/div>\n\t\t","protected":false},"excerpt":{"rendered":"<p>benef\u00edcios Promo\u00e7\u00f5es &amp; Cortesias Caf\u00e9 da Manh\u00e3 servido todos os dias entre 7h e 9h, apenas para pernoites. Acompanha: 2 op\u00e7\u00f5es de frutas, suco, caf\u00e9, leite, ovos, salsicha no molho, p\u00e3o de queijo, misto quente, cuscuz, 1 por\u00e7\u00e3o de raiz(macaxeira, batata-doce\u2026) geleia, mel, pacotinho de torrada e biscoito. Caf\u00e9 da Manh\u00e3 servido todos os dias [&hellip;]<\/p>\n","protected":false},"author":1,"featured_media":0,"parent":0,"menu_order":0,"comment_status":"closed","ping_status":"closed","template":"elementor_header_footer","meta":{"_acf_changed":false,"footnotes":""},"class_list":["post-612","page","type-page","status-publish","hentry"],"acf":[],"_links":{"self":[{"href":"https:\/\/lotusmotel.com.br\/gu\/wp-json\/wp\/v2\/pages\/612","targetHints":{"allow":["GET"]}}],"collection":[{"href":"https:\/\/lotusmotel.com.br\/gu\/wp-json\/wp\/v2\/pages"}],"about":[{"href":"https:\/\/lotusmotel.com.br\/gu\/wp-json\/wp\/v2\/types\/page"}],"author":[{"embeddable":true,"href":"https:\/\/lotusmotel.com.br\/gu\/wp-json\/wp\/v2\/users\/1"}],"replies":[{"embeddable":true,"href":"https:\/\/lotusmotel.com.br\/gu\/wp-json\/wp\/v2\/comments?post=612"}],"version-history":[{"count":9,"href":"https:\/\/lotusmotel.com.br\/gu\/wp-json\/wp\/v2\/pages\/612\/revisions"}],"predecessor-version":[{"id":2574,"href":"https:\/\/lotusmotel.com.br\/gu\/wp-json\/wp\/v2\/pages\/612\/revisions\/2574"}],"wp:attachment":[{"href":"https:\/\/lotusmotel.com.br\/gu\/wp-json\/wp\/v2\/media?parent=612"}],"curies":[{"name":"wp","href":"https:\/\/api.w.org\/{rel}","templated":true}]}}