{"id":2464,"date":"2023-05-10T11:24:09","date_gmt":"2023-05-10T11:24:09","guid":{"rendered":"http:\/\/pitoonwp.pixydrops.com\/?page_id=16"},"modified":"2026-02-26T16:31:39","modified_gmt":"2026-02-26T19:31:39","slug":"contato","status":"publish","type":"page","link":"https:\/\/lotusmotel.com.br\/gu\/contato\/","title":{"rendered":"Contato"},"content":{"rendered":"\t\t<div data-elementor-type=\"wp-page\" data-elementor-id=\"2464\" class=\"elementor elementor-2464\" data-elementor-post-type=\"page\">\n\t\t\t\t\t\t<section class=\"elementor-section elementor-top-section elementor-element elementor-element-d6dcc1d elementor-section-full_width elementor-section-height-default elementor-section-height-default\" data-id=\"d6dcc1d\" data-element_type=\"section\" data-e-type=\"section\">\n\t\t\t\t\t\t<div class=\"elementor-container elementor-column-gap-no\">\n\t\t\t\t\t<div class=\"elementor-column elementor-col-100 elementor-top-column elementor-element elementor-element-93ac978\" data-id=\"93ac978\" data-element_type=\"column\" data-e-type=\"column\">\n\t\t\t<div class=\"elementor-widget-wrap elementor-element-populated\">\n\t\t\t\t\t\t<div class=\"elementor-element elementor-element-c824b5d elementor-widget elementor-widget-pitoon-contact-form\" data-id=\"c824b5d\" data-element_type=\"widget\" data-e-type=\"widget\" data-widget_type=\"pitoon-contact-form.default\">\n\t\t\t\t<div class=\"elementor-widget-container\">\n\t\t\t\t\t\n    <!--Contact Page Start-->\n    <section class=\"contact-page\">\n        <div class=\"container\">\n            <div class=\"row\">\n                <div class=\"col-xl-4 col-lg-5\">\n                    <div class=\"contact-page__left\">\n                        <div class=\"section-title text-left\">\n                            <div class=\"section-title__tagline-box\">\n                                <span class=\"section-title__tagline\">Fale conosco<\/span>                                <div class=\"section-title__icon-box-1\">\n                                    <i aria-hidden=\"true\" class=\"  fa fa-angle-left\"><\/i>                                    <i aria-hidden=\"true\" class=\"  fa fa-angle-left\"><\/i>                                    <i aria-hidden=\"true\" class=\"  fa fa-angle-left\"><\/i>                                <\/div>\n                                <div class=\"section-title__icon-box-2\">\n                                    <i aria-hidden=\"true\" class=\"  fa fa-angle-right\"><\/i>                                    <i aria-hidden=\"true\" class=\"  fa fa-angle-right\"><\/i>                                    <i aria-hidden=\"true\" class=\"  fa fa-angle-right\"><\/i>                                <\/div>\n                            <\/div>\n                            <h2 class=\"section-title__title\">D\u00favidas, reclama\u00e7\u00f5es ou sugest\u00f5es <\/h2>                        <\/div>\n                        <p class=\"contact-page__text\">Envie-nos uma mensagem e entraremos em contato por e-mail em at\u00e9 24 horas. Agradecemos a sua confian\u00e7a.<\/p>                        <ul class=\"contact-page__points list-unstyled ml-0\">\n                                                            <li>\n                                    <div class=\"icon\">\n                                        <i class=\"fa-solid fas fa-phone\"><\/i>\n                                    <\/div>\n                                    <div class=\"content\">\n                                                                                    <p>Nosso Telefone<\/p>\n                                                                                                                            <h4><a href=\"https:\/\/api.whatsapp.com\/send?phone=5582999654908\">82 99965-4908<\/a><\/h4>\n                                                                            <\/div>\n                                <\/li>\n                                                            <li>\n                                    <div class=\"icon\">\n                                        <i class=\"fa-solid fas fa-envelope\"><\/i>\n                                    <\/div>\n                                    <div class=\"content\">\n                                                                                    <p>Nosso Email<\/p>\n                                                                                                                            <h4>lotusmoteloficial@gmail.com<\/h4>\n                                                                            <\/div>\n                                <\/li>\n                                                            <li>\n                                    <div class=\"icon\">\n                                        <i class=\"fa-solid fas fa-map-marker-alt\"><\/i>\n                                    <\/div>\n                                    <div class=\"content\">\n                                                                                    <p>Noso Endere\u00e7o<\/p>\n                                                                                                                            <h4>Rodovia AL 115, Guaribas - Arapiraca - AL<\/h4>\n                                                                            <\/div>\n                                <\/li>\n                                                    <\/ul>\n                    <\/div>\n                <\/div>\n                <div class=\"col-xl-8 col-lg-7\">\n                    <div class=\"contact-page__right\">\n                        <div class=\"contact-page__form-box\">\n                            <div class=\"wpcf7 no-js\" id=\"wpcf7-f2179-o1\" lang=\"pt-BR\" dir=\"ltr\" data-wpcf7-id=\"2179\">\n<div class=\"screen-reader-response\"><p role=\"status\" aria-live=\"polite\" aria-atomic=\"true\"><\/p> <ul><\/ul><\/div>\n<form action=\"\/gu\/wp-json\/wp\/v2\/pages\/2464#wpcf7-f2179-o1\" method=\"post\" class=\"wpcf7-form init\" aria-label=\"Formul\u00e1rios de contato\" novalidate=\"novalidate\" data-status=\"init\">\n<fieldset class=\"hidden-fields-container\"><input type=\"hidden\" name=\"_wpcf7\" value=\"2179\" \/><input type=\"hidden\" name=\"_wpcf7_version\" value=\"6.1.5\" \/><input type=\"hidden\" name=\"_wpcf7_locale\" value=\"pt_BR\" \/><input type=\"hidden\" name=\"_wpcf7_unit_tag\" value=\"wpcf7-f2179-o1\" \/><input type=\"hidden\" name=\"_wpcf7_container_post\" value=\"0\" \/><input type=\"hidden\" name=\"_wpcf7_posted_data_hash\" value=\"\" \/>\n<\/fieldset>\n<div class=\"row\">\n                                    <div class=\"col-xl-6\">\n                                        <div class=\"contact-page__input-box\">\n<span class=\"wpcf7-form-control-wrap\" data-name=\"nome\"><input size=\"40\" maxlength=\"400\" class=\"wpcf7-form-control wpcf7-text wpcf7-validates-as-required\" aria-required=\"true\" aria-invalid=\"false\" placeholder=\"Seu Nome\" value=\"\" type=\"text\" name=\"nome\" \/><\/span>\n                                        <\/div>\n                                    <\/div>\n                                    <div class=\"col-xl-6\">\n                                        <div class=\"contact-page__input-box\">\n<span class=\"wpcf7-form-control-wrap\" data-name=\"email\"><input size=\"40\" maxlength=\"400\" class=\"wpcf7-form-control wpcf7-email wpcf7-validates-as-required wpcf7-text wpcf7-validates-as-email\" aria-required=\"true\" aria-invalid=\"false\" placeholder=\"Seu Email\" value=\"\" type=\"email\" name=\"email\" \/><\/span>\n                                        <\/div>\n                                    <\/div>\n                                    <div class=\"col-xl-6\">\n                                        <div class=\"contact-page__input-box\">\n<span class=\"wpcf7-form-control-wrap\" data-name=\"telefone\"><input size=\"40\" maxlength=\"400\" class=\"wpcf7-form-control wpcf7-text wpcf7-validates-as-required\" aria-required=\"true\" aria-invalid=\"false\" placeholder=\"Seu Telefone\" value=\"\" type=\"text\" name=\"telefone\" \/><\/span>\n                                        <\/div>\n                                    <\/div>\n                                    <div class=\"col-xl-6\">\n                                        <div class=\"contact-page__input-box\">\n                                            <div class=\"contact-page__showing-sort\">\n<span class=\"wpcf7-form-control-wrap\" data-name=\"assunto\"><input size=\"40\" maxlength=\"400\" class=\"wpcf7-form-control wpcf7-text wpcf7-validates-as-required\" aria-required=\"true\" aria-invalid=\"false\" placeholder=\"Qual o seu assunto?\" value=\"\" type=\"text\" name=\"assunto\" \/><\/span>\n                                            <\/div>\n                                        <\/div>\n                                    <\/div>\n                                <\/div>\n                                <div class=\"row\">\n                                    <div class=\"col-xl-12\">\n                                        <div class=\"contact-page__input-box text-message-box\">\n<span class=\"wpcf7-form-control-wrap\" data-name=\"mensagem\"><textarea cols=\"40\" rows=\"10\" maxlength=\"2000\" class=\"wpcf7-form-control wpcf7-textarea wpcf7-validates-as-required\" aria-required=\"true\" aria-invalid=\"false\" placeholder=\"Digite sua mensagem...\" name=\"mensagem\"><\/textarea><\/span>\n                                        <\/div>\n                                        <div class=\"contact-page__btn-box\">\n                                            <button type=\"submit\" class=\"thm-btn contact-page__btn\">ENVIAR CONTATO<\/button>\n                                        <\/div>\n                                    <\/div>\n                                <\/div><div class=\"wpcf7-response-output\" aria-hidden=\"true\"><\/div>\n<\/form>\n<\/div>                        <\/div>\n                    <\/div>\n                <\/div>\n            <\/div>\n        <\/div>\n    <\/section>\n    <!--Contact Page End-->\n\n\t\t\t\t<\/div>\n\t\t\t\t<\/div>\n\t\t\t\t\t<\/div>\n\t\t<\/div>\n\t\t\t\t\t<\/div>\n\t\t<\/section>\n\t\t\t\t<section class=\"elementor-section elementor-top-section elementor-element elementor-element-4a960b5 elementor-section-full_width elementor-section-height-default elementor-section-height-default\" data-id=\"4a960b5\" data-element_type=\"section\" data-e-type=\"section\">\n\t\t\t\t\t\t<div class=\"elementor-container elementor-column-gap-no\">\n\t\t\t\t\t<div class=\"elementor-column elementor-col-100 elementor-top-column elementor-element elementor-element-22bed2e\" data-id=\"22bed2e\" data-element_type=\"column\" data-e-type=\"column\">\n\t\t\t<div class=\"elementor-widget-wrap elementor-element-populated\">\n\t\t\t\t\t\t<div class=\"elementor-element elementor-element-40f818a elementor-widget elementor-widget-pitoon-google-maps\" data-id=\"40f818a\" data-element_type=\"widget\" data-e-type=\"widget\" data-widget_type=\"pitoon-google-maps.default\">\n\t\t\t\t<div class=\"elementor-widget-container\">\n\t\t\t\t\t\t\t<section class=\"google-map\">\n\t\t<iframe src=\"https:\/\/maps.google.com\/maps?q=Rodovia%20AL-115%2C%20em%20Guaribas%2C%20em%20Arapiraca&#038;t=m&#038;z=15&#038;output=embed&#038;iwloc=near\" title=\"Rodovia AL-115, em Guaribas, em Arapiraca\" class=\"google-map__one\" aria-label=\"Rodovia AL-115, em Guaribas, em Arapiraca\" allowfullscreen><\/iframe>\n\t<\/section>\n\n\t\t\t\t<\/div>\n\t\t\t\t<\/div>\n\t\t\t\t\t<\/div>\n\t\t<\/div>\n\t\t\t\t\t<\/div>\n\t\t<\/section>\n\t\t\t\t<\/div>\n\t\t","protected":false},"excerpt":{"rendered":"<p>Fale conosco D\u00favidas, reclama\u00e7\u00f5es ou sugest\u00f5es Envie-nos uma mensagem e entraremos em contato por e-mail em at\u00e9 24 horas. Agradecemos a sua confian\u00e7a. Nosso Telefone 82 99965-4908 Nosso Email lotusmoteloficial@gmail.com Noso Endere\u00e7o Rodovia AL 115, Guaribas &#8211; Arapiraca &#8211; AL ENVIAR CONTATO<\/p>\n","protected":false},"author":1,"featured_media":0,"parent":0,"menu_order":0,"comment_status":"closed","ping_status":"closed","template":"elementor_header_footer","meta":{"_acf_changed":false,"footnotes":""},"class_list":["post-2464","page","type-page","status-publish","hentry"],"acf":[],"_links":{"self":[{"href":"https:\/\/lotusmotel.com.br\/gu\/wp-json\/wp\/v2\/pages\/2464","targetHints":{"allow":["GET"]}}],"collection":[{"href":"https:\/\/lotusmotel.com.br\/gu\/wp-json\/wp\/v2\/pages"}],"about":[{"href":"https:\/\/lotusmotel.com.br\/gu\/wp-json\/wp\/v2\/types\/page"}],"author":[{"embeddable":true,"href":"https:\/\/lotusmotel.com.br\/gu\/wp-json\/wp\/v2\/users\/1"}],"replies":[{"embeddable":true,"href":"https:\/\/lotusmotel.com.br\/gu\/wp-json\/wp\/v2\/comments?post=2464"}],"version-history":[{"count":9,"href":"https:\/\/lotusmotel.com.br\/gu\/wp-json\/wp\/v2\/pages\/2464\/revisions"}],"predecessor-version":[{"id":2767,"href":"https:\/\/lotusmotel.com.br\/gu\/wp-json\/wp\/v2\/pages\/2464\/revisions\/2767"}],"wp:attachment":[{"href":"https:\/\/lotusmotel.com.br\/gu\/wp-json\/wp\/v2\/media?parent=2464"}],"curies":[{"name":"wp","href":"https:\/\/api.w.org\/{rel}","templated":true}]}}